{"id":39927,"date":"2023-08-24T18:12:48","date_gmt":"2023-08-24T18:12:48","guid":{"rendered":"https:\/\/luou.pt\/?post_type=product&#038;p=39927"},"modified":"2026-03-07T17:15:38","modified_gmt":"2026-03-07T17:15:38","slug":"program-wine-tasting-integrated-into-a-meal","status":"publish","type":"product","link":"https:\/\/luou.pt\/pt\/store\/program-wine-tasting-integrated-into-a-meal\/","title":{"rendered":"Programa - Degusta\u00e7\u00e3o de vinhos, integrada numa refei\u00e7\u00e3o"},"content":{"rendered":"<p><strong>Experi\u00eancia de prova de vinhos em Portugal, integrada numa refei\u00e7\u00e3o<\/strong><\/p>\n<p>Esta experi\u00eancia de prova de vinhos, <a href=\"https:\/\/luou.pt\/pt\/what-to-do\/\">memor\u00e1vel<\/a> integrada numa refei\u00e7\u00e3o na Quinta de Luou, combina vinhos locais, como o vinho da Quinta de Luou, <a href=\"https:\/\/luou.pt\/pt\/wines-of-luou\/\">Quinta de Luou wine<\/a>com gastronomia tradicional, num ambiente rural descontra\u00eddo no Norte de Portugal, perto de Ponte de Lima. Os h\u00f3spedes s\u00e3o convidados a descobrir o car\u00e1cter dos vinhos da propriedade, enquanto desfrutam de pratos cuidadosamente preparados, inspirados na regi\u00e3o.<\/p>\n<p>Mediante marca\u00e7\u00e3o, \u00e9 poss\u00edvel criar um programa que inclui uma prova de vinhos, integrada numa refei\u00e7\u00e3o, e uma visita posterior \u00e0 <a href=\"https:\/\/luou.pt\/pt\/rural-tourism\/the-history-of-quinta-de-luou\/\">Quinta<\/a>.<\/p>\n<p>A refei\u00e7\u00e3o consistir\u00e1 em sopa, um prato regional, doce regional, vinhos da Quinta e caf\u00e9, ou outro menu a acordar.<\/p>\n<p>The minimum price will be 50 \u20ac per person.<\/p>\n<p>The minimum value of the program is 300 \u20ac.<\/p>\n<p>Pensada para apreciadores de vinho e viajantes curiosos, esta experi\u00eancia proporciona uma harmoniza\u00e7\u00e3o equilibrada entre comida e vinho, valorizando os sabores locais e os ingredientes sazonais. \u00c9 uma forma aut\u00eantica de explorar a cultura do vinho em Portugal, num contexto \u00edntimo e memor\u00e1vel.<\/p>","protected":false},"excerpt":{"rendered":"<p>Por marca\u00e7\u00e3o, \u00e9 poss\u00edvel fazer um programa que inclui degusta\u00e7\u00e3o de vinhos, integrado numa refei\u00e7\u00e3o, e subsequente visita \u00e0 Quinta.<\/p>\n<p><strong>Ter em aten\u00e7\u00e3o as seguintes condi\u00e7\u00f5es:<\/strong><br \/>\nAntes de efectuar o pagamento, confirme por favor se o programa est\u00e1 dispon\u00edvel para o dia e hora que pretende.<\/p>\n<p>* Para 1 a 6 pessoas, introduza 1 (um programa) na caixa de di\u00e1logo.<br \/>\n* Para 7 ou mais pessoas, introduza na caixa de di\u00e1logo o n\u00famero de pessoas.<\/p>","protected":false},"featured_media":38753,"template":"","meta":[],"product_brand":[],"product_cat":[86],"product_tag":[],"class_list":{"0":"post-39927","1":"product","2":"type-product","3":"status-publish","4":"has-post-thumbnail","6":"product_cat-sem-categoria","8":"first","9":"onbackorder","10":"taxable","11":"shipping-taxable","12":"purchasable","13":"product-type-variable"},"_links":{"self":[{"href":"https:\/\/luou.pt\/pt\/wp-json\/wp\/v2\/product\/39927","targetHints":{"allow":["GET"]}}],"collection":[{"href":"https:\/\/luou.pt\/pt\/wp-json\/wp\/v2\/product"}],"about":[{"href":"https:\/\/luou.pt\/pt\/wp-json\/wp\/v2\/types\/product"}],"wp:featuredmedia":[{"embeddable":true,"href":"https:\/\/luou.pt\/pt\/wp-json\/wp\/v2\/media\/38753"}],"wp:attachment":[{"href":"https:\/\/luou.pt\/pt\/wp-json\/wp\/v2\/media?parent=39927"}],"wp:term":[{"taxonomy":"product_brand","embeddable":true,"href":"https:\/\/luou.pt\/pt\/wp-json\/wp\/v2\/product_brand?post=39927"},{"taxonomy":"product_cat","embeddable":true,"href":"https:\/\/luou.pt\/pt\/wp-json\/wp\/v2\/product_cat?post=39927"},{"taxonomy":"product_tag","embeddable":true,"href":"https:\/\/luou.pt\/pt\/wp-json\/wp\/v2\/product_tag?post=39927"}],"curies":[{"name":"wp","href":"https:\/\/api.w.org\/{rel}","templated":true}]}}